{"id":90,"date":"2022-06-02T08:33:26","date_gmt":"2022-06-02T08:33:26","guid":{"rendered":"https:\/\/hnoscrespo.com\/?page_id=90"},"modified":"2022-09-27T13:33:07","modified_gmt":"2022-09-27T13:33:07","slug":"transporte","status":"publish","type":"page","link":"https:\/\/hnoscrespo.com\/index.php\/transporte\/","title":{"rendered":"Transporte"},"content":{"rendered":"\n<p class=\"has-medium-font-size\">Para su veh\u00edculo de hasta 3.000Kg, sea coche, moto, furg\u00f3n, tractor, carretilla, etc; ofrecemos servicios de transporte y rescate 24h. Trabajamos con todas las compa\u00f1\u00edas de seguros y para particulares. <\/p>\n\n\n\n<p class=\"has-medium-font-size\">Nuestras plataformas articuladas, cabinas Iveco de \u00faltima generaci\u00f3n y la formaci\u00f3n y experiencia de los conductores, hacen que todo sea mucho mas f\u00e1cil y seguro.<\/p>\n\n\n\n<hr class=\"wp-block-separator has-alpha-channel-opacity\"\/>\n\n\n<div class=\"wp-block-image\">\n<figure class=\"aligncenter size-large is-resized\"><img loading=\"lazy\" decoding=\"async\" src=\"https:\/\/hnoscrespo.com\/wp-content\/uploads\/2022\/06\/IMG_5099-1024x683.jpg\" alt=\"\" class=\"wp-image-156\" width=\"935\" height=\"623\" srcset=\"https:\/\/hnoscrespo.com\/wp-content\/uploads\/2022\/06\/IMG_5099-1024x683.jpg 1024w, https:\/\/hnoscrespo.com\/wp-content\/uploads\/2022\/06\/IMG_5099-300x200.jpg 300w, https:\/\/hnoscrespo.com\/wp-content\/uploads\/2022\/06\/IMG_5099-768x512.jpg 768w, https:\/\/hnoscrespo.com\/wp-content\/uploads\/2022\/06\/IMG_5099-1536x1024.jpg 1536w, https:\/\/hnoscrespo.com\/wp-content\/uploads\/2022\/06\/IMG_5099-2048x1365.jpg 2048w\" sizes=\"auto, (max-width: 935px) 100vw, 935px\" \/><\/figure>\n<\/div>\n\n\n<p> <\/p>\n\n\n\n<hr class=\"wp-block-separator has-alpha-channel-opacity\"\/>\n","protected":false},"excerpt":{"rendered":"<p>Para su veh\u00edculo de hasta 3.000Kg, sea coche, moto, furg\u00f3n, tractor, carretilla, etc; ofrecemos servicios de transporte y rescate 24h. Trabajamos con todas las compa\u00f1\u00edas de seguros y para particulares. Nuestras plataformas articuladas, cabinas Iveco de \u00faltima generaci\u00f3n y la formaci\u00f3n y experiencia de los conductores, hacen que todo sea mucho mas f\u00e1cil y seguro.<\/p>\n","protected":false},"author":1,"featured_media":0,"parent":0,"menu_order":0,"comment_status":"closed","ping_status":"closed","template":"","meta":{"om_disable_all_campaigns":false,"_monsterinsights_skip_tracking":false,"_monsterinsights_sitenote_active":false,"_monsterinsights_sitenote_note":"","_monsterinsights_sitenote_category":0,"footnotes":""},"class_list":["post-90","page","type-page","status-publish","hentry"],"yoast_head":"<!-- This site is optimized with the Yoast SEO plugin v27.4 - https:\/\/yoast.com\/product\/yoast-seo-wordpress\/ -->\n<title>Transporte - Hermanos Crespo Fabero S.L.<\/title>\n<meta name=\"description\" content=\"Transporte de todo tipo de veh\u00edculos de hasta 3.000kg de carga.\" \/>\n<meta name=\"robots\" content=\"index, follow, max-snippet:-1, max-image-preview:large, max-video-preview:-1\" \/>\n<link rel=\"canonical\" href=\"https:\/\/hnoscrespo.com\/index.php\/transporte\/\" \/>\n<meta property=\"og:locale\" content=\"en_US\" \/>\n<meta property=\"og:type\" content=\"article\" \/>\n<meta property=\"og:title\" content=\"Transporte - Hermanos Crespo Fabero S.L.\" \/>\n<meta property=\"og:description\" content=\"Transporte de todo tipo de veh\u00edculos de hasta 3.000kg de carga.\" \/>\n<meta property=\"og:url\" content=\"https:\/\/hnoscrespo.com\/index.php\/transporte\/\" \/>\n<meta property=\"og:site_name\" content=\"Hermanos Crespo Fabero S.L.\" \/>\n<meta property=\"article:modified_time\" content=\"2022-09-27T13:33:07+00:00\" \/>\n<meta property=\"og:image\" content=\"https:\/\/hnoscrespo.com\/wp-content\/uploads\/2022\/06\/IMG_5099-1024x683.jpg\" \/>\n<meta name=\"twitter:card\" content=\"summary_large_image\" \/>\n<meta name=\"twitter:label1\" content=\"Est. reading time\" \/>\n\t<meta name=\"twitter:data1\" content=\"1 minute\" \/>\n<script type=\"application\/ld+json\" class=\"yoast-schema-graph\">{\"@context\":\"https:\\\/\\\/schema.org\",\"@graph\":[{\"@type\":\"WebPage\",\"@id\":\"https:\\\/\\\/hnoscrespo.com\\\/index.php\\\/transporte\\\/\",\"url\":\"https:\\\/\\\/hnoscrespo.com\\\/index.php\\\/transporte\\\/\",\"name\":\"Transporte - Hermanos Crespo Fabero S.L.\",\"isPartOf\":{\"@id\":\"https:\\\/\\\/hnoscrespo.com\\\/#website\"},\"primaryImageOfPage\":{\"@id\":\"https:\\\/\\\/hnoscrespo.com\\\/index.php\\\/transporte\\\/#primaryimage\"},\"image\":{\"@id\":\"https:\\\/\\\/hnoscrespo.com\\\/index.php\\\/transporte\\\/#primaryimage\"},\"thumbnailUrl\":\"https:\\\/\\\/hnoscrespo.com\\\/wp-content\\\/uploads\\\/2022\\\/06\\\/IMG_5099-1024x683.jpg\",\"datePublished\":\"2022-06-02T08:33:26+00:00\",\"dateModified\":\"2022-09-27T13:33:07+00:00\",\"description\":\"Transporte de todo tipo de veh\u00edculos de hasta 3.000kg de carga.\",\"breadcrumb\":{\"@id\":\"https:\\\/\\\/hnoscrespo.com\\\/index.php\\\/transporte\\\/#breadcrumb\"},\"inLanguage\":\"en-US\",\"potentialAction\":[{\"@type\":\"ReadAction\",\"target\":[\"https:\\\/\\\/hnoscrespo.com\\\/index.php\\\/transporte\\\/\"]}]},{\"@type\":\"ImageObject\",\"inLanguage\":\"en-US\",\"@id\":\"https:\\\/\\\/hnoscrespo.com\\\/index.php\\\/transporte\\\/#primaryimage\",\"url\":\"https:\\\/\\\/hnoscrespo.com\\\/wp-content\\\/uploads\\\/2022\\\/06\\\/IMG_5099-1024x683.jpg\",\"contentUrl\":\"https:\\\/\\\/hnoscrespo.com\\\/wp-content\\\/uploads\\\/2022\\\/06\\\/IMG_5099-1024x683.jpg\"},{\"@type\":\"BreadcrumbList\",\"@id\":\"https:\\\/\\\/hnoscrespo.com\\\/index.php\\\/transporte\\\/#breadcrumb\",\"itemListElement\":[{\"@type\":\"ListItem\",\"position\":1,\"name\":\"Portada\",\"item\":\"https:\\\/\\\/hnoscrespo.com\\\/\"},{\"@type\":\"ListItem\",\"position\":2,\"name\":\"Transporte\"}]},{\"@type\":\"WebSite\",\"@id\":\"https:\\\/\\\/hnoscrespo.com\\\/#website\",\"url\":\"https:\\\/\\\/hnoscrespo.com\\\/\",\"name\":\"Hermanos Crespo Fabero S.L.\",\"description\":\"\",\"publisher\":{\"@id\":\"https:\\\/\\\/hnoscrespo.com\\\/#organization\"},\"potentialAction\":[{\"@type\":\"SearchAction\",\"target\":{\"@type\":\"EntryPoint\",\"urlTemplate\":\"https:\\\/\\\/hnoscrespo.com\\\/?s={search_term_string}\"},\"query-input\":{\"@type\":\"PropertyValueSpecification\",\"valueRequired\":true,\"valueName\":\"search_term_string\"}}],\"inLanguage\":\"en-US\"},{\"@type\":\"Organization\",\"@id\":\"https:\\\/\\\/hnoscrespo.com\\\/#organization\",\"name\":\"Hermanos Crespo Fabero S.L.\",\"url\":\"https:\\\/\\\/hnoscrespo.com\\\/\",\"logo\":{\"@type\":\"ImageObject\",\"inLanguage\":\"en-US\",\"@id\":\"https:\\\/\\\/hnoscrespo.com\\\/#\\\/schema\\\/logo\\\/image\\\/\",\"url\":\"https:\\\/\\\/hnoscrespo.com\\\/wp-content\\\/uploads\\\/2022\\\/05\\\/logo_peq.png\",\"contentUrl\":\"https:\\\/\\\/hnoscrespo.com\\\/wp-content\\\/uploads\\\/2022\\\/05\\\/logo_peq.png\",\"width\":4561,\"height\":2940,\"caption\":\"Hermanos Crespo Fabero S.L.\"},\"image\":{\"@id\":\"https:\\\/\\\/hnoscrespo.com\\\/#\\\/schema\\\/logo\\\/image\\\/\"}}]}<\/script>\n<!-- \/ Yoast SEO plugin. -->","yoast_head_json":{"title":"Transporte - Hermanos Crespo Fabero S.L.","description":"Transporte de todo tipo de veh\u00edculos de hasta 3.000kg de carga.","robots":{"index":"index","follow":"follow","max-snippet":"max-snippet:-1","max-image-preview":"max-image-preview:large","max-video-preview":"max-video-preview:-1"},"canonical":"https:\/\/hnoscrespo.com\/index.php\/transporte\/","og_locale":"en_US","og_type":"article","og_title":"Transporte - Hermanos Crespo Fabero S.L.","og_description":"Transporte de todo tipo de veh\u00edculos de hasta 3.000kg de carga.","og_url":"https:\/\/hnoscrespo.com\/index.php\/transporte\/","og_site_name":"Hermanos Crespo Fabero S.L.","article_modified_time":"2022-09-27T13:33:07+00:00","og_image":[{"url":"https:\/\/hnoscrespo.com\/wp-content\/uploads\/2022\/06\/IMG_5099-1024x683.jpg","type":"","width":"","height":""}],"twitter_card":"summary_large_image","twitter_misc":{"Est. reading time":"1 minute"},"schema":{"@context":"https:\/\/schema.org","@graph":[{"@type":"WebPage","@id":"https:\/\/hnoscrespo.com\/index.php\/transporte\/","url":"https:\/\/hnoscrespo.com\/index.php\/transporte\/","name":"Transporte - Hermanos Crespo Fabero S.L.","isPartOf":{"@id":"https:\/\/hnoscrespo.com\/#website"},"primaryImageOfPage":{"@id":"https:\/\/hnoscrespo.com\/index.php\/transporte\/#primaryimage"},"image":{"@id":"https:\/\/hnoscrespo.com\/index.php\/transporte\/#primaryimage"},"thumbnailUrl":"https:\/\/hnoscrespo.com\/wp-content\/uploads\/2022\/06\/IMG_5099-1024x683.jpg","datePublished":"2022-06-02T08:33:26+00:00","dateModified":"2022-09-27T13:33:07+00:00","description":"Transporte de todo tipo de veh\u00edculos de hasta 3.000kg de carga.","breadcrumb":{"@id":"https:\/\/hnoscrespo.com\/index.php\/transporte\/#breadcrumb"},"inLanguage":"en-US","potentialAction":[{"@type":"ReadAction","target":["https:\/\/hnoscrespo.com\/index.php\/transporte\/"]}]},{"@type":"ImageObject","inLanguage":"en-US","@id":"https:\/\/hnoscrespo.com\/index.php\/transporte\/#primaryimage","url":"https:\/\/hnoscrespo.com\/wp-content\/uploads\/2022\/06\/IMG_5099-1024x683.jpg","contentUrl":"https:\/\/hnoscrespo.com\/wp-content\/uploads\/2022\/06\/IMG_5099-1024x683.jpg"},{"@type":"BreadcrumbList","@id":"https:\/\/hnoscrespo.com\/index.php\/transporte\/#breadcrumb","itemListElement":[{"@type":"ListItem","position":1,"name":"Portada","item":"https:\/\/hnoscrespo.com\/"},{"@type":"ListItem","position":2,"name":"Transporte"}]},{"@type":"WebSite","@id":"https:\/\/hnoscrespo.com\/#website","url":"https:\/\/hnoscrespo.com\/","name":"Hermanos Crespo Fabero S.L.","description":"","publisher":{"@id":"https:\/\/hnoscrespo.com\/#organization"},"potentialAction":[{"@type":"SearchAction","target":{"@type":"EntryPoint","urlTemplate":"https:\/\/hnoscrespo.com\/?s={search_term_string}"},"query-input":{"@type":"PropertyValueSpecification","valueRequired":true,"valueName":"search_term_string"}}],"inLanguage":"en-US"},{"@type":"Organization","@id":"https:\/\/hnoscrespo.com\/#organization","name":"Hermanos Crespo Fabero S.L.","url":"https:\/\/hnoscrespo.com\/","logo":{"@type":"ImageObject","inLanguage":"en-US","@id":"https:\/\/hnoscrespo.com\/#\/schema\/logo\/image\/","url":"https:\/\/hnoscrespo.com\/wp-content\/uploads\/2022\/05\/logo_peq.png","contentUrl":"https:\/\/hnoscrespo.com\/wp-content\/uploads\/2022\/05\/logo_peq.png","width":4561,"height":2940,"caption":"Hermanos Crespo Fabero S.L."},"image":{"@id":"https:\/\/hnoscrespo.com\/#\/schema\/logo\/image\/"}}]}},"_links":{"self":[{"href":"https:\/\/hnoscrespo.com\/index.php\/wp-json\/wp\/v2\/pages\/90","targetHints":{"allow":["GET"]}}],"collection":[{"href":"https:\/\/hnoscrespo.com\/index.php\/wp-json\/wp\/v2\/pages"}],"about":[{"href":"https:\/\/hnoscrespo.com\/index.php\/wp-json\/wp\/v2\/types\/page"}],"author":[{"embeddable":true,"href":"https:\/\/hnoscrespo.com\/index.php\/wp-json\/wp\/v2\/users\/1"}],"replies":[{"embeddable":true,"href":"https:\/\/hnoscrespo.com\/index.php\/wp-json\/wp\/v2\/comments?post=90"}],"version-history":[{"count":13,"href":"https:\/\/hnoscrespo.com\/index.php\/wp-json\/wp\/v2\/pages\/90\/revisions"}],"predecessor-version":[{"id":219,"href":"https:\/\/hnoscrespo.com\/index.php\/wp-json\/wp\/v2\/pages\/90\/revisions\/219"}],"wp:attachment":[{"href":"https:\/\/hnoscrespo.com\/index.php\/wp-json\/wp\/v2\/media?parent=90"}],"curies":[{"name":"wp","href":"https:\/\/api.w.org\/{rel}","templated":true}]}}