{"id":87,"date":"2022-06-02T08:33:26","date_gmt":"2022-06-02T08:33:26","guid":{"rendered":"https:\/\/hnoscrespo.com\/?page_id=87"},"modified":"2022-09-27T13:31:50","modified_gmt":"2022-09-27T13:31:50","slug":"taller","status":"publish","type":"page","link":"https:\/\/hnoscrespo.com\/index.php\/taller\/","title":{"rendered":"Taller"},"content":{"rendered":"\n<p class=\"has-text-align-center has-medium-font-size\">Para que puedas hacerte una idea de todo lo que podemos hacer:<\/p>\n\n\n\n<div class=\"wp-block-columns alignwide is-layout-flex wp-container-core-columns-is-layout-9d6595d7 wp-block-columns-is-layout-flex\">\n<div class=\"wp-block-column has-text-color has-background has-link-color wp-elements-761745caebd17c40d40f9eab73d53d3e is-layout-flow wp-block-column-is-layout-flow\" style=\"background-color:#ffe97d;color:#000000;padding-top:2em;padding-right:2em;padding-bottom:2em;padding-left:2em\">\n<h2 class=\"has-text-align-center wp-block-heading\" id=\"single\" style=\"font-size:40px\"><strong>Mec\u00e1nica<\/strong><\/h2>\n\n\n\n<p class=\"has-text-align-center has-normal-font-size\" style=\"line-height:1.5\">En todos los aspectos<\/p>\n\n\n\n<hr class=\"wp-block-separator has-text-color has-css-opacity has-background is-style-wide\" style=\"background-color:#000000;color:#000000\"\/>\n\n\n\n<ul class=\"has-normal-font-size wp-block-list\"><li>Ruedas<\/li><li>Bater\u00edas<\/li><li>Aceite<\/li><li>Frenos<\/li><li>Embragues<\/li><li>Distribuciones<\/li><li>Suspensiones<\/li><li>Alineado<\/li><li>Diagnosis<\/li><li>Aire acondicionado<\/li><li>Pre-ITV<\/li><\/ul>\n\n\n\n<div class=\"wp-block-buttons alignfull is-horizontal is-content-justification-center is-layout-flex wp-container-core-buttons-is-layout-499968f5 wp-block-buttons-is-layout-flex\"><\/div>\n<\/div>\n\n\n\n<div class=\"wp-block-column has-text-color has-background has-link-color wp-elements-6b84647db730b6e09fc489e709eb26cb is-layout-flow wp-block-column-is-layout-flow\" style=\"background-color:#c0ebf1;color:#000000;padding-top:2em;padding-right:2em;padding-bottom:2em;padding-left:2em\">\n<h2 class=\"has-text-align-center wp-block-heading\" id=\"patron\" style=\"font-size:40px\"><strong>Chapa y pintura<\/strong><\/h2>\n\n\n\n<p class=\"has-text-align-center has-normal-font-size\">Tu coche como nuevo<\/p>\n\n\n\n<hr class=\"wp-block-separator has-css-opacity is-style-wide\"\/>\n\n\n\n<ul class=\"has-normal-font-size wp-block-list\"><li>Reparaci\u00f3n de chapa y pl\u00e1sticos<\/li><li>Piezas de carrocer\u00eda<\/li><li>Sustituci\u00f3n de lunas<\/li><li>Placas de matr\u00edcula<\/li><li>Pulido de faros<\/li><\/ul>\n\n\n\n<div class=\"wp-block-buttons alignfull is-horizontal is-content-justification-center is-layout-flex wp-container-core-buttons-is-layout-499968f5 wp-block-buttons-is-layout-flex\"><\/div>\n<\/div>\n<\/div>\n","protected":false},"excerpt":{"rendered":"<p>Para que puedas hacerte una idea de todo lo que podemos hacer: Mec\u00e1nica En todos los aspectos Ruedas Bater\u00edas Aceite Frenos Embragues Distribuciones Suspensiones Alineado Diagnosis Aire acondicionado Pre-ITV Chapa y pintura Tu coche como nuevo Reparaci\u00f3n de chapa y pl\u00e1sticos Piezas de carrocer\u00eda Sustituci\u00f3n de lunas Placas de matr\u00edcula Pulido de faros<\/p>\n","protected":false},"author":1,"featured_media":0,"parent":0,"menu_order":0,"comment_status":"closed","ping_status":"closed","template":"","meta":{"om_disable_all_campaigns":false,"_monsterinsights_skip_tracking":false,"_monsterinsights_sitenote_active":false,"_monsterinsights_sitenote_note":"","_monsterinsights_sitenote_category":0,"footnotes":""},"class_list":["post-87","page","type-page","status-publish","hentry"],"yoast_head":"<!-- This site is optimized with the Yoast SEO plugin v27.4 - https:\/\/yoast.com\/product\/yoast-seo-wordpress\/ -->\n<title>Taller - Hermanos Crespo Fabero S.L.<\/title>\n<meta name=\"description\" content=\"Taller y transporte de coches en Fabero. Todos los servicios: mecanica, chapa y pintura.\" \/>\n<meta name=\"robots\" content=\"index, follow, max-snippet:-1, max-image-preview:large, max-video-preview:-1\" \/>\n<link rel=\"canonical\" href=\"https:\/\/hnoscrespo.com\/index.php\/taller\/\" \/>\n<meta property=\"og:locale\" content=\"en_US\" \/>\n<meta property=\"og:type\" content=\"article\" \/>\n<meta property=\"og:title\" content=\"Taller - Hermanos Crespo Fabero S.L.\" \/>\n<meta property=\"og:description\" content=\"Taller y transporte de coches en Fabero. Todos los servicios: mecanica, chapa y pintura.\" \/>\n<meta property=\"og:url\" content=\"https:\/\/hnoscrespo.com\/index.php\/taller\/\" \/>\n<meta property=\"og:site_name\" content=\"Hermanos Crespo Fabero S.L.\" \/>\n<meta property=\"article:modified_time\" content=\"2022-09-27T13:31:50+00:00\" \/>\n<meta name=\"twitter:card\" content=\"summary_large_image\" \/>\n<meta name=\"twitter:label1\" content=\"Est. reading time\" \/>\n\t<meta name=\"twitter:data1\" content=\"1 minute\" \/>\n<script type=\"application\/ld+json\" class=\"yoast-schema-graph\">{\"@context\":\"https:\\\/\\\/schema.org\",\"@graph\":[{\"@type\":\"WebPage\",\"@id\":\"https:\\\/\\\/hnoscrespo.com\\\/index.php\\\/taller\\\/\",\"url\":\"https:\\\/\\\/hnoscrespo.com\\\/index.php\\\/taller\\\/\",\"name\":\"Taller - Hermanos Crespo Fabero S.L.\",\"isPartOf\":{\"@id\":\"https:\\\/\\\/hnoscrespo.com\\\/#website\"},\"datePublished\":\"2022-06-02T08:33:26+00:00\",\"dateModified\":\"2022-09-27T13:31:50+00:00\",\"description\":\"Taller y transporte de coches en Fabero. Todos los servicios: mecanica, chapa y pintura.\",\"breadcrumb\":{\"@id\":\"https:\\\/\\\/hnoscrespo.com\\\/index.php\\\/taller\\\/#breadcrumb\"},\"inLanguage\":\"en-US\",\"potentialAction\":[{\"@type\":\"ReadAction\",\"target\":[\"https:\\\/\\\/hnoscrespo.com\\\/index.php\\\/taller\\\/\"]}]},{\"@type\":\"BreadcrumbList\",\"@id\":\"https:\\\/\\\/hnoscrespo.com\\\/index.php\\\/taller\\\/#breadcrumb\",\"itemListElement\":[{\"@type\":\"ListItem\",\"position\":1,\"name\":\"Portada\",\"item\":\"https:\\\/\\\/hnoscrespo.com\\\/\"},{\"@type\":\"ListItem\",\"position\":2,\"name\":\"Taller\"}]},{\"@type\":\"WebSite\",\"@id\":\"https:\\\/\\\/hnoscrespo.com\\\/#website\",\"url\":\"https:\\\/\\\/hnoscrespo.com\\\/\",\"name\":\"Hermanos Crespo Fabero S.L.\",\"description\":\"\",\"publisher\":{\"@id\":\"https:\\\/\\\/hnoscrespo.com\\\/#organization\"},\"potentialAction\":[{\"@type\":\"SearchAction\",\"target\":{\"@type\":\"EntryPoint\",\"urlTemplate\":\"https:\\\/\\\/hnoscrespo.com\\\/?s={search_term_string}\"},\"query-input\":{\"@type\":\"PropertyValueSpecification\",\"valueRequired\":true,\"valueName\":\"search_term_string\"}}],\"inLanguage\":\"en-US\"},{\"@type\":\"Organization\",\"@id\":\"https:\\\/\\\/hnoscrespo.com\\\/#organization\",\"name\":\"Hermanos Crespo Fabero S.L.\",\"url\":\"https:\\\/\\\/hnoscrespo.com\\\/\",\"logo\":{\"@type\":\"ImageObject\",\"inLanguage\":\"en-US\",\"@id\":\"https:\\\/\\\/hnoscrespo.com\\\/#\\\/schema\\\/logo\\\/image\\\/\",\"url\":\"https:\\\/\\\/hnoscrespo.com\\\/wp-content\\\/uploads\\\/2022\\\/05\\\/logo_peq.png\",\"contentUrl\":\"https:\\\/\\\/hnoscrespo.com\\\/wp-content\\\/uploads\\\/2022\\\/05\\\/logo_peq.png\",\"width\":4561,\"height\":2940,\"caption\":\"Hermanos Crespo Fabero S.L.\"},\"image\":{\"@id\":\"https:\\\/\\\/hnoscrespo.com\\\/#\\\/schema\\\/logo\\\/image\\\/\"}}]}<\/script>\n<!-- \/ Yoast SEO plugin. -->","yoast_head_json":{"title":"Taller - Hermanos Crespo Fabero S.L.","description":"Taller y transporte de coches en Fabero. Todos los servicios: mecanica, chapa y pintura.","robots":{"index":"index","follow":"follow","max-snippet":"max-snippet:-1","max-image-preview":"max-image-preview:large","max-video-preview":"max-video-preview:-1"},"canonical":"https:\/\/hnoscrespo.com\/index.php\/taller\/","og_locale":"en_US","og_type":"article","og_title":"Taller - Hermanos Crespo Fabero S.L.","og_description":"Taller y transporte de coches en Fabero. Todos los servicios: mecanica, chapa y pintura.","og_url":"https:\/\/hnoscrespo.com\/index.php\/taller\/","og_site_name":"Hermanos Crespo Fabero S.L.","article_modified_time":"2022-09-27T13:31:50+00:00","twitter_card":"summary_large_image","twitter_misc":{"Est. reading time":"1 minute"},"schema":{"@context":"https:\/\/schema.org","@graph":[{"@type":"WebPage","@id":"https:\/\/hnoscrespo.com\/index.php\/taller\/","url":"https:\/\/hnoscrespo.com\/index.php\/taller\/","name":"Taller - Hermanos Crespo Fabero S.L.","isPartOf":{"@id":"https:\/\/hnoscrespo.com\/#website"},"datePublished":"2022-06-02T08:33:26+00:00","dateModified":"2022-09-27T13:31:50+00:00","description":"Taller y transporte de coches en Fabero. Todos los servicios: mecanica, chapa y pintura.","breadcrumb":{"@id":"https:\/\/hnoscrespo.com\/index.php\/taller\/#breadcrumb"},"inLanguage":"en-US","potentialAction":[{"@type":"ReadAction","target":["https:\/\/hnoscrespo.com\/index.php\/taller\/"]}]},{"@type":"BreadcrumbList","@id":"https:\/\/hnoscrespo.com\/index.php\/taller\/#breadcrumb","itemListElement":[{"@type":"ListItem","position":1,"name":"Portada","item":"https:\/\/hnoscrespo.com\/"},{"@type":"ListItem","position":2,"name":"Taller"}]},{"@type":"WebSite","@id":"https:\/\/hnoscrespo.com\/#website","url":"https:\/\/hnoscrespo.com\/","name":"Hermanos Crespo Fabero S.L.","description":"","publisher":{"@id":"https:\/\/hnoscrespo.com\/#organization"},"potentialAction":[{"@type":"SearchAction","target":{"@type":"EntryPoint","urlTemplate":"https:\/\/hnoscrespo.com\/?s={search_term_string}"},"query-input":{"@type":"PropertyValueSpecification","valueRequired":true,"valueName":"search_term_string"}}],"inLanguage":"en-US"},{"@type":"Organization","@id":"https:\/\/hnoscrespo.com\/#organization","name":"Hermanos Crespo Fabero S.L.","url":"https:\/\/hnoscrespo.com\/","logo":{"@type":"ImageObject","inLanguage":"en-US","@id":"https:\/\/hnoscrespo.com\/#\/schema\/logo\/image\/","url":"https:\/\/hnoscrespo.com\/wp-content\/uploads\/2022\/05\/logo_peq.png","contentUrl":"https:\/\/hnoscrespo.com\/wp-content\/uploads\/2022\/05\/logo_peq.png","width":4561,"height":2940,"caption":"Hermanos Crespo Fabero S.L."},"image":{"@id":"https:\/\/hnoscrespo.com\/#\/schema\/logo\/image\/"}}]}},"_links":{"self":[{"href":"https:\/\/hnoscrespo.com\/index.php\/wp-json\/wp\/v2\/pages\/87","targetHints":{"allow":["GET"]}}],"collection":[{"href":"https:\/\/hnoscrespo.com\/index.php\/wp-json\/wp\/v2\/pages"}],"about":[{"href":"https:\/\/hnoscrespo.com\/index.php\/wp-json\/wp\/v2\/types\/page"}],"author":[{"embeddable":true,"href":"https:\/\/hnoscrespo.com\/index.php\/wp-json\/wp\/v2\/users\/1"}],"replies":[{"embeddable":true,"href":"https:\/\/hnoscrespo.com\/index.php\/wp-json\/wp\/v2\/comments?post=87"}],"version-history":[{"count":8,"href":"https:\/\/hnoscrespo.com\/index.php\/wp-json\/wp\/v2\/pages\/87\/revisions"}],"predecessor-version":[{"id":218,"href":"https:\/\/hnoscrespo.com\/index.php\/wp-json\/wp\/v2\/pages\/87\/revisions\/218"}],"wp:attachment":[{"href":"https:\/\/hnoscrespo.com\/index.php\/wp-json\/wp\/v2\/media?parent=87"}],"curies":[{"name":"wp","href":"https:\/\/api.w.org\/{rel}","templated":true}]}}